{"id":1637,"date":"2021-05-24T15:12:12","date_gmt":"2021-05-24T13:12:12","guid":{"rendered":"https:\/\/vaimas.it\/descargar\/"},"modified":"2021-05-26T11:45:38","modified_gmt":"2021-05-26T09:45:38","slug":"descargar","status":"publish","type":"page","link":"https:\/\/vaimas.it\/es\/descargar\/","title":{"rendered":"Descargar"},"content":{"rendered":"<p>[et_pb_section fb_built=\u00bb1&#8243; _builder_version=\u00bb4.9.2&#8243; _module_preset=\u00bbdefault\u00bb background_color=\u00bb#30A2E3&#8243; bottom_divider_style=\u00bbcurve2&#8243; bottom_divider_color=\u00bb#ffffff\u00bb animation_style=\u00bbslide\u00bb animation_direction=\u00bbtop\u00bb animation_duration=\u00bb1100ms\u00bb hover_transition_duration=\u00bb500ms\u00bb][et_pb_row _builder_version=\u00bb4.9.2&#8243; _module_preset=\u00bbdefault\u00bb custom_margin_tablet=\u00bb\u00bb custom_margin_phone=\u00bb-10%||||false|false\u00bb custom_margin_last_edited=\u00bbon|phone\u00bb][et_pb_column type=\u00bb4_4&#8243; _builder_version=\u00bb4.9.2&#8243; _module_preset=\u00bbdefault\u00bb][et_pb_text _builder_version=\u00bb4.9.2&#8243; _module_preset=\u00bbdefault\u00bb header_font=\u00bb|700|||||||\u00bb header_text_align=\u00bbcenter\u00bb header_text_color=\u00bb#ffffff\u00bb header_font_size=\u00bb40px\u00bb header_font_size_tablet=\u00bb\u00bb header_font_size_phone=\u00bb25px\u00bb header_font_size_last_edited=\u00bbon|phone\u00bb]<\/p>\n<h1>DESCARGAR<\/h1>\n<p>[\/et_pb_text][\/et_pb_column][\/et_pb_row][\/et_pb_section][et_pb_section fb_built=\u00bb1&#8243; _builder_version=\u00bb4.9.2&#8243; _module_preset=\u00bbdefault\u00bb background_color=\u00bb#ffffff\u00bb custom_padding=\u00bb0px||0px||false|false\u00bb][et_pb_row column_structure=\u00bb1_3,2_3&#8243; _builder_version=\u00bb4.9.2&#8243; _module_preset=\u00bbdefault\u00bb custom_margin_tablet=\u00bb\u00bb custom_margin_phone=\u00bb10%||||false|false\u00bb custom_margin_last_edited=\u00bbon|phone\u00bb custom_padding=\u00bb3%||3%||true|false\u00bb][et_pb_column type=\u00bb1_3&#8243; _builder_version=\u00bb4.9.2&#8243; _module_preset=\u00bbdefault\u00bb][et_pb_text _builder_version=\u00bb4.9.2&#8243; _module_preset=\u00bbdefault\u00bb header_3_font=\u00bb|700|||||||\u00bb header_3_text_color=\u00bb#257DB0&#8243; header_3_line_height=\u00bb1.7em\u00bb header_3_text_align_tablet=\u00bb\u00bb header_3_text_align_phone=\u00bbcenter\u00bb header_3_text_align_last_edited=\u00bbon|phone\u00bb text_orientation_tablet=\u00bb\u00bb text_orientation_phone=\u00bbcenter\u00bb text_orientation_last_edited=\u00bbon|phone\u00bb]<\/p>\n<h3><span>Descargue los cat\u00e1logos!<\/span><\/h3>\n<p><span>Solicite la descarga de los cat\u00e1logos Vaimas rellenando el formulario. Solicite la descarga de los cat\u00e1logos Vaimas rellenando el formulario. Puede solicitar los enlaces de descarga del cat\u00e1logo general, del cat\u00e1logo de pacientes externos, del cat\u00e1logo de camas, del cat\u00e1logo de elevadores y del cat\u00e1logo de sillas de ruedas.<\/span><\/p>\n<p>[\/et_pb_text][\/et_pb_column][et_pb_column type=\u00bb2_3&#8243; _builder_version=\u00bb4.9.2&#8243; _module_preset=\u00bbdefault\u00bb][et_pb_text _builder_version=\u00bb4.9.2&#8243; _module_preset=\u00bbdefault\u00bb text_text_color=\u00bb#ffffff\u00bb header_2_font=\u00bb|700||on|||||\u00bb header_2_text_align=\u00bbcenter\u00bb header_2_text_color=\u00bb#257DB0&#8243; header_2_font_size=\u00bb30px\u00bb header_3_font=\u00bb|700|||||||\u00bb header_3_text_align=\u00bbcenter\u00bb header_3_text_color=\u00bb#257DB0&#8243; background_color=\u00bbRGBA(0,0,0,0)\u00bb custom_padding=\u00bb0px||0px||false|false\u00bb]<\/p>\n<h3>Solicitud de descarga de cat\u00e1logos Vaimas<\/h3>\n<p>[\/et_pb_text][et_pb_text _builder_version=\u00bb4.9.2&#8243; _module_preset=\u00bbdefault\u00bb text_text_color=\u00bb#727272&#8243; text_orientation=\u00bbcenter\u00bb custom_margin=\u00bb-15px||||false|false\u00bb custom_padding=\u00bb0px||0px||false|false\u00bb]<\/p>\n<p>Rellene el siguiente formulario con sus datos para recibir los cat\u00e1logos Vaimas.<\/p>\n<p>[\/et_pb_text][dvppl_cf7_styler form_bg=\u00bbRGBA(0,0,0,0)\u00bb use_form_button_fullwidth=\u00bbon\u00bb cf7=\u00bb1205&#8243; form_background_color=\u00bb#ffffff\u00bb cr_custom_styles=\u00bbon\u00bb cr_selected_color=\u00bb#30A2E3&#8243; _builder_version=\u00bb4.9.2&#8243; _module_preset=\u00bbdefault\u00bb form_field_font_font=\u00bb||||||||\u00bb form_field_font_text_color=\u00bb#154763&#8243; labels_text_color=\u00bb#c6c6c6&#8243; custom_submit_button=\u00bbon\u00bb submit_button_text_color=\u00bb#ffffff\u00bb submit_button_bg_color=\u00bb#30A2E3&#8243; submit_button_border_color=\u00bbRGBA(0,0,0,0)\u00bb submit_button_border_radius=\u00bb25px\u00bb submit_button_font=\u00bb|||on|||||\u00bb box_shadow_style_submit_button=\u00bbpreset4&#8243; box_shadow_spread_submit_button=\u00bb-40px\u00bb box_shadow_color_submit_button=\u00bb#30A2E3&#8243; submit_button_bg_color__hover_enabled=\u00bbon|hover\u00bb submit_button_bg_color__hover=\u00bb#ffffff\u00bb submit_button_bg_enable_color__hover=\u00bbon\u00bb submit_button_text_color__hover_enabled=\u00bbon|hover\u00bb submit_button_text_color__hover=\u00bb#257DB0&#8243; box_shadow_spread_submit_button__hover_enabled=\u00bbon|hover\u00bb box_shadow_spread_submit_button__hover=\u00bb-4px\u00bb][\/dvppl_cf7_styler][\/et_pb_column][\/et_pb_row][\/et_pb_section]<\/p>\n","protected":false},"excerpt":{"rendered":"<p>[et_pb_section fb_built=\u00bb1&#8243; _builder_version=\u00bb4.9.2&#8243; _module_preset=\u00bbdefault\u00bb background_color=\u00bb#30A2E3&#8243; bottom_divider_style=\u00bbcurve2&#8243; bottom_divider_color=\u00bb#ffffff\u00bb animation_style=\u00bbslide\u00bb animation_direction=\u00bbtop\u00bb animation_duration=\u00bb1100ms\u00bb hover_transition_duration=\u00bb500ms\u00bb][et_pb_row _builder_version=\u00bb4.9.2&#8243; _module_preset=\u00bbdefault\u00bb custom_margin_tablet=\u00bb\u00bb custom_margin_phone=\u00bb-10%||||false|false\u00bb custom_margin_last_edited=\u00bbon|phone\u00bb][et_pb_column type=\u00bb4_4&#8243; _builder_version=\u00bb4.9.2&#8243; _module_preset=\u00bbdefault\u00bb][et_pb_text _builder_version=\u00bb4.9.2&#8243; _module_preset=\u00bbdefault\u00bb header_font=\u00bb|700|||||||\u00bb header_text_align=\u00bbcenter\u00bb header_text_color=\u00bb#ffffff\u00bb header_font_size=\u00bb40px\u00bb header_font_size_tablet=\u00bb\u00bb header_font_size_phone=\u00bb25px\u00bb header_font_size_last_edited=\u00bbon|phone\u00bb] DESCARGAR [\/et_pb_text][\/et_pb_column][\/et_pb_row][\/et_pb_section][et_pb_section fb_built=\u00bb1&#8243; _builder_version=\u00bb4.9.2&#8243; _module_preset=\u00bbdefault\u00bb background_color=\u00bb#ffffff\u00bb custom_padding=\u00bb0px||0px||false|false\u00bb][et_pb_row column_structure=\u00bb1_3,2_3&#8243; _builder_version=\u00bb4.9.2&#8243; _module_preset=\u00bbdefault\u00bb custom_margin_tablet=\u00bb\u00bb custom_margin_phone=\u00bb10%||||false|false\u00bb custom_margin_last_edited=\u00bbon|phone\u00bb custom_padding=\u00bb3%||3%||true|false\u00bb][et_pb_column type=\u00bb1_3&#8243; _builder_version=\u00bb4.9.2&#8243; _module_preset=\u00bbdefault\u00bb][et_pb_text _builder_version=\u00bb4.9.2&#8243; _module_preset=\u00bbdefault\u00bb header_3_font=\u00bb|700|||||||\u00bb header_3_text_color=\u00bb#257DB0&#8243; header_3_line_height=\u00bb1.7em\u00bb header_3_text_align_tablet=\u00bb\u00bb header_3_text_align_phone=\u00bbcenter\u00bb header_3_text_align_last_edited=\u00bbon|phone\u00bb text_orientation_tablet=\u00bb\u00bb text_orientation_phone=\u00bbcenter\u00bb [&hellip;]<\/p>\n","protected":false},"author":1,"featured_media":0,"parent":0,"menu_order":0,"comment_status":"closed","ping_status":"closed","template":"","meta":{"pgc_meta":"","_et_pb_use_builder":"on","_et_pb_old_content":"<p>[et_pb_section fb_built=\"1\" _builder_version=\"4.9.2\" _module_preset=\"default\" background_color=\"#30A2E3\" bottom_divider_style=\"curve2\" bottom_divider_color=\"#ffffff\" animation_style=\"slide\" animation_direction=\"top\" animation_duration=\"1100ms\" hover_transition_duration=\"500ms\"][et_pb_row _builder_version=\"4.9.2\" _module_preset=\"default\" custom_margin_tablet=\"\" custom_margin_phone=\"-10%||||false|false\" custom_margin_last_edited=\"on|phone\"][et_pb_column type=\"4_4\" _builder_version=\"4.9.2\" _module_preset=\"default\"][et_pb_text _builder_version=\"4.9.2\" _module_preset=\"default\" header_font=\"|700|||||||\" header_text_align=\"center\" header_text_color=\"#ffffff\" header_font_size=\"40px\" header_font_size_tablet=\"\" header_font_size_phone=\"25px\" header_font_size_last_edited=\"on|phone\"]<\/p><h1>DESCARGAR<\/h1><p>[\/et_pb_text][\/et_pb_column][\/et_pb_row][\/et_pb_section][et_pb_section fb_built=\"1\" _builder_version=\"4.9.2\" _module_preset=\"default\" background_color=\"#ffffff\" custom_padding=\"0px||0px||false|false\"][et_pb_row column_structure=\"1_3,2_3\" _builder_version=\"4.9.2\" _module_preset=\"default\" custom_margin_tablet=\"\" custom_margin_phone=\"10%||||false|false\" custom_margin_last_edited=\"on|phone\" custom_padding=\"3%||3%||true|false\"][et_pb_column type=\"1_3\" _builder_version=\"4.9.2\" _module_preset=\"default\"][et_pb_text _builder_version=\"4.9.2\" _module_preset=\"default\" header_3_font=\"|700|||||||\" header_3_text_color=\"#257DB0\" header_3_line_height=\"1.7em\" header_3_text_align_tablet=\"\" header_3_text_align_phone=\"center\" header_3_text_align_last_edited=\"on|phone\" text_orientation_tablet=\"\" text_orientation_phone=\"center\" text_orientation_last_edited=\"on|phone\"]<\/p><h3>Descargue los cat\u00e1logos!<\/h3><p>Solicite la descarga de los cat\u00e1logos Vaimas rellenando el formulario. Puede solicitar los enlaces de descarga del cat\u00e1logo general, del cat\u00e1logo ambulatorio, del cat\u00e1logo de cunas, del cat\u00e1logo de gr\u00faas, del cat\u00e1logo de andadores, del cat\u00e1logo de confort y del cat\u00e1logo de plegables<\/p><p>[\/et_pb_text][\/et_pb_column][et_pb_column type=\"2_3\" _builder_version=\"4.9.2\" _module_preset=\"default\"][et_pb_text _builder_version=\"4.9.2\" _module_preset=\"default\" text_text_color=\"#ffffff\" header_2_font=\"|700||on|||||\" header_2_text_align=\"center\" header_2_text_color=\"#257DB0\" header_2_font_size=\"30px\" header_3_font=\"|700|||||||\" header_3_text_align=\"center\" header_3_text_color=\"#257DB0\" background_color=\"RGBA(0,0,0,0)\" custom_padding=\"0px||0px||false|false\"]<\/p><h3>Solicitud de descarga de cat\u00e1logos Vaimas<\/h3><p>[\/et_pb_text][et_pb_text _builder_version=\"4.9.2\" _module_preset=\"default\" text_text_color=\"#727272\" text_orientation=\"center\" custom_margin=\"-15px||||false|false\" custom_padding=\"0px||0px||false|false\"]<\/p><p>Rellene el siguiente formulario con sus datos para recibir los cat\u00e1logos de Vaimas<\/p><p>[\/et_pb_text][dvppl_cf7_styler form_bg=\"RGBA(0,0,0,0)\" use_form_button_fullwidth=\"on\" cf7=\"1205\" form_background_color=\"#ffffff\" cr_custom_styles=\"on\" cr_selected_color=\"#30A2E3\" _builder_version=\"4.9.2\" _module_preset=\"default\" form_field_font_font=\"||||||||\" form_field_font_text_color=\"#154763\" labels_text_color=\"#c6c6c6\" custom_submit_button=\"on\" submit_button_text_color=\"#ffffff\" submit_button_bg_color=\"#30A2E3\" submit_button_border_color=\"RGBA(0,0,0,0)\" submit_button_border_radius=\"25px\" submit_button_font=\"|||on|||||\" hover_enabled=\"0\" box_shadow_style_submit_button=\"preset4\" box_shadow_spread_submit_button=\"-40px\" box_shadow_color_submit_button=\"#30A2E3\" submit_button_bg_color__hover_enabled=\"on|hover\" submit_button_bg_color__hover=\"#ffffff\" submit_button_bg_enable_color__hover=\"on\" submit_button_text_color__hover_enabled=\"on|hover\" submit_button_text_color__hover=\"#257DB0\" box_shadow_spread_submit_button__hover_enabled=\"on|hover\" box_shadow_spread_submit_button__hover=\"-4px\" sticky_enabled=\"0\"][\/dvppl_cf7_styler][\/et_pb_column][\/et_pb_row][\/et_pb_section]<\/p>","_et_gb_content_width":"","footnotes":""},"class_list":["post-1637","page","type-page","status-publish","hentry"],"acf":[],"pgc_meta":"","yoast_head":"<!-- This site is optimized with the Yoast SEO plugin v21.9.1 - https:\/\/yoast.com\/wordpress\/plugins\/seo\/ -->\n<title>Descargar - Vaimas<\/title>\n<meta name=\"robots\" content=\"index, follow, max-snippet:-1, max-image-preview:large, max-video-preview:-1\" \/>\n<link rel=\"canonical\" href=\"https:\/\/vaimas.it\/es\/descargar\/\" \/>\n<meta property=\"og:locale\" content=\"es_ES\" \/>\n<meta property=\"og:type\" content=\"article\" \/>\n<meta property=\"og:title\" content=\"Descargar - Vaimas\" \/>\n<meta property=\"og:description\" content=\"[et_pb_section fb_built=\u00bb1&#8243; _builder_version=\u00bb4.9.2&#8243; _module_preset=\u00bbdefault\u00bb background_color=\u00bb#30A2E3&#8243; bottom_divider_style=\u00bbcurve2&#8243; bottom_divider_color=\u00bb#ffffff\u00bb animation_style=\u00bbslide\u00bb animation_direction=\u00bbtop\u00bb animation_duration=\u00bb1100ms\u00bb hover_transition_duration=\u00bb500ms\u00bb][et_pb_row _builder_version=\u00bb4.9.2&#8243; _module_preset=\u00bbdefault\u00bb custom_margin_tablet=\u00bb\u00bb custom_margin_phone=\u00bb-10%||||false|false\u00bb custom_margin_last_edited=\u00bbon|phone\u00bb][et_pb_column type=\u00bb4_4&#8243; _builder_version=\u00bb4.9.2&#8243; _module_preset=\u00bbdefault\u00bb][et_pb_text _builder_version=\u00bb4.9.2&#8243; _module_preset=\u00bbdefault\u00bb header_font=\u00bb|700|||||||\u00bb header_text_align=\u00bbcenter\u00bb header_text_color=\u00bb#ffffff\u00bb header_font_size=\u00bb40px\u00bb header_font_size_tablet=\u00bb\u00bb header_font_size_phone=\u00bb25px\u00bb header_font_size_last_edited=\u00bbon|phone\u00bb] DESCARGAR [\/et_pb_text][\/et_pb_column][\/et_pb_row][\/et_pb_section][et_pb_section fb_built=\u00bb1&#8243; _builder_version=\u00bb4.9.2&#8243; _module_preset=\u00bbdefault\u00bb background_color=\u00bb#ffffff\u00bb custom_padding=\u00bb0px||0px||false|false\u00bb][et_pb_row column_structure=\u00bb1_3,2_3&#8243; _builder_version=\u00bb4.9.2&#8243; _module_preset=\u00bbdefault\u00bb custom_margin_tablet=\u00bb\u00bb custom_margin_phone=\u00bb10%||||false|false\u00bb custom_margin_last_edited=\u00bbon|phone\u00bb custom_padding=\u00bb3%||3%||true|false\u00bb][et_pb_column type=\u00bb1_3&#8243; _builder_version=\u00bb4.9.2&#8243; _module_preset=\u00bbdefault\u00bb][et_pb_text _builder_version=\u00bb4.9.2&#8243; _module_preset=\u00bbdefault\u00bb header_3_font=\u00bb|700|||||||\u00bb header_3_text_color=\u00bb#257DB0&#8243; header_3_line_height=\u00bb1.7em\u00bb header_3_text_align_tablet=\u00bb\u00bb header_3_text_align_phone=\u00bbcenter\u00bb header_3_text_align_last_edited=\u00bbon|phone\u00bb text_orientation_tablet=\u00bb\u00bb text_orientation_phone=\u00bbcenter\u00bb [&hellip;]\" \/>\n<meta property=\"og:url\" content=\"https:\/\/vaimas.it\/es\/descargar\/\" \/>\n<meta property=\"og:site_name\" content=\"Vaimas\" \/>\n<meta property=\"article:modified_time\" content=\"2021-05-26T09:45:38+00:00\" \/>\n<meta name=\"twitter:card\" content=\"summary_large_image\" \/>\n<meta name=\"twitter:label1\" content=\"Tiempo de lectura\" \/>\n\t<meta name=\"twitter:data1\" content=\"3 minutos\" \/>\n<script type=\"application\/ld+json\" class=\"yoast-schema-graph\">{\"@context\":\"https:\/\/schema.org\",\"@graph\":[{\"@type\":\"WebPage\",\"@id\":\"https:\/\/vaimas.it\/es\/descargar\/\",\"url\":\"https:\/\/vaimas.it\/es\/descargar\/\",\"name\":\"Descargar - Vaimas\",\"isPartOf\":{\"@id\":\"https:\/\/vaimas.it\/es\/#website\"},\"datePublished\":\"2021-05-24T13:12:12+00:00\",\"dateModified\":\"2021-05-26T09:45:38+00:00\",\"breadcrumb\":{\"@id\":\"https:\/\/vaimas.it\/es\/descargar\/#breadcrumb\"},\"inLanguage\":\"es\",\"potentialAction\":[{\"@type\":\"ReadAction\",\"target\":[\"https:\/\/vaimas.it\/es\/descargar\/\"]}]},{\"@type\":\"BreadcrumbList\",\"@id\":\"https:\/\/vaimas.it\/es\/descargar\/#breadcrumb\",\"itemListElement\":[{\"@type\":\"ListItem\",\"position\":1,\"name\":\"Home\",\"item\":\"https:\/\/vaimas.it\/es\/\"},{\"@type\":\"ListItem\",\"position\":2,\"name\":\"Descargar\"}]},{\"@type\":\"WebSite\",\"@id\":\"https:\/\/vaimas.it\/es\/#website\",\"url\":\"https:\/\/vaimas.it\/es\/\",\"name\":\"Vaimas\",\"description\":\"\",\"potentialAction\":[{\"@type\":\"SearchAction\",\"target\":{\"@type\":\"EntryPoint\",\"urlTemplate\":\"https:\/\/vaimas.it\/es\/?s={search_term_string}\"},\"query-input\":\"required name=search_term_string\"}],\"inLanguage\":\"es\"}]}<\/script>\n<!-- \/ Yoast SEO plugin. -->","yoast_head_json":{"title":"Descargar - Vaimas","robots":{"index":"index","follow":"follow","max-snippet":"max-snippet:-1","max-image-preview":"max-image-preview:large","max-video-preview":"max-video-preview:-1"},"canonical":"https:\/\/vaimas.it\/es\/descargar\/","og_locale":"es_ES","og_type":"article","og_title":"Descargar - Vaimas","og_description":"[et_pb_section fb_built=\u00bb1&#8243; _builder_version=\u00bb4.9.2&#8243; _module_preset=\u00bbdefault\u00bb background_color=\u00bb#30A2E3&#8243; bottom_divider_style=\u00bbcurve2&#8243; bottom_divider_color=\u00bb#ffffff\u00bb animation_style=\u00bbslide\u00bb animation_direction=\u00bbtop\u00bb animation_duration=\u00bb1100ms\u00bb hover_transition_duration=\u00bb500ms\u00bb][et_pb_row _builder_version=\u00bb4.9.2&#8243; _module_preset=\u00bbdefault\u00bb custom_margin_tablet=\u00bb\u00bb custom_margin_phone=\u00bb-10%||||false|false\u00bb custom_margin_last_edited=\u00bbon|phone\u00bb][et_pb_column type=\u00bb4_4&#8243; _builder_version=\u00bb4.9.2&#8243; _module_preset=\u00bbdefault\u00bb][et_pb_text _builder_version=\u00bb4.9.2&#8243; _module_preset=\u00bbdefault\u00bb header_font=\u00bb|700|||||||\u00bb header_text_align=\u00bbcenter\u00bb header_text_color=\u00bb#ffffff\u00bb header_font_size=\u00bb40px\u00bb header_font_size_tablet=\u00bb\u00bb header_font_size_phone=\u00bb25px\u00bb header_font_size_last_edited=\u00bbon|phone\u00bb] DESCARGAR [\/et_pb_text][\/et_pb_column][\/et_pb_row][\/et_pb_section][et_pb_section fb_built=\u00bb1&#8243; _builder_version=\u00bb4.9.2&#8243; _module_preset=\u00bbdefault\u00bb background_color=\u00bb#ffffff\u00bb custom_padding=\u00bb0px||0px||false|false\u00bb][et_pb_row column_structure=\u00bb1_3,2_3&#8243; _builder_version=\u00bb4.9.2&#8243; _module_preset=\u00bbdefault\u00bb custom_margin_tablet=\u00bb\u00bb custom_margin_phone=\u00bb10%||||false|false\u00bb custom_margin_last_edited=\u00bbon|phone\u00bb custom_padding=\u00bb3%||3%||true|false\u00bb][et_pb_column type=\u00bb1_3&#8243; _builder_version=\u00bb4.9.2&#8243; _module_preset=\u00bbdefault\u00bb][et_pb_text _builder_version=\u00bb4.9.2&#8243; _module_preset=\u00bbdefault\u00bb header_3_font=\u00bb|700|||||||\u00bb header_3_text_color=\u00bb#257DB0&#8243; header_3_line_height=\u00bb1.7em\u00bb header_3_text_align_tablet=\u00bb\u00bb header_3_text_align_phone=\u00bbcenter\u00bb header_3_text_align_last_edited=\u00bbon|phone\u00bb text_orientation_tablet=\u00bb\u00bb text_orientation_phone=\u00bbcenter\u00bb [&hellip;]","og_url":"https:\/\/vaimas.it\/es\/descargar\/","og_site_name":"Vaimas","article_modified_time":"2021-05-26T09:45:38+00:00","twitter_card":"summary_large_image","twitter_misc":{"Tiempo de lectura":"3 minutos"},"schema":{"@context":"https:\/\/schema.org","@graph":[{"@type":"WebPage","@id":"https:\/\/vaimas.it\/es\/descargar\/","url":"https:\/\/vaimas.it\/es\/descargar\/","name":"Descargar - Vaimas","isPartOf":{"@id":"https:\/\/vaimas.it\/es\/#website"},"datePublished":"2021-05-24T13:12:12+00:00","dateModified":"2021-05-26T09:45:38+00:00","breadcrumb":{"@id":"https:\/\/vaimas.it\/es\/descargar\/#breadcrumb"},"inLanguage":"es","potentialAction":[{"@type":"ReadAction","target":["https:\/\/vaimas.it\/es\/descargar\/"]}]},{"@type":"BreadcrumbList","@id":"https:\/\/vaimas.it\/es\/descargar\/#breadcrumb","itemListElement":[{"@type":"ListItem","position":1,"name":"Home","item":"https:\/\/vaimas.it\/es\/"},{"@type":"ListItem","position":2,"name":"Descargar"}]},{"@type":"WebSite","@id":"https:\/\/vaimas.it\/es\/#website","url":"https:\/\/vaimas.it\/es\/","name":"Vaimas","description":"","potentialAction":[{"@type":"SearchAction","target":{"@type":"EntryPoint","urlTemplate":"https:\/\/vaimas.it\/es\/?s={search_term_string}"},"query-input":"required name=search_term_string"}],"inLanguage":"es"}]}},"_links":{"self":[{"href":"https:\/\/vaimas.it\/es\/wp-json\/wp\/v2\/pages\/1637","targetHints":{"allow":["GET"]}}],"collection":[{"href":"https:\/\/vaimas.it\/es\/wp-json\/wp\/v2\/pages"}],"about":[{"href":"https:\/\/vaimas.it\/es\/wp-json\/wp\/v2\/types\/page"}],"author":[{"embeddable":true,"href":"https:\/\/vaimas.it\/es\/wp-json\/wp\/v2\/users\/1"}],"replies":[{"embeddable":true,"href":"https:\/\/vaimas.it\/es\/wp-json\/wp\/v2\/comments?post=1637"}],"version-history":[{"count":5,"href":"https:\/\/vaimas.it\/es\/wp-json\/wp\/v2\/pages\/1637\/revisions"}],"predecessor-version":[{"id":1706,"href":"https:\/\/vaimas.it\/es\/wp-json\/wp\/v2\/pages\/1637\/revisions\/1706"}],"wp:attachment":[{"href":"https:\/\/vaimas.it\/es\/wp-json\/wp\/v2\/media?parent=1637"}],"curies":[{"name":"wp","href":"https:\/\/api.w.org\/{rel}","templated":true}]}}