{"id":1629,"date":"2021-05-24T14:18:22","date_gmt":"2021-05-24T12:18:22","guid":{"rendered":"https:\/\/vaimas.it\/quien-somos\/"},"modified":"2021-05-26T11:52:24","modified_gmt":"2021-05-26T09:52:24","slug":"quien-somos","status":"publish","type":"page","link":"https:\/\/vaimas.it\/es\/quien-somos\/","title":{"rendered":"Qui\u00e9n somos"},"content":{"rendered":"<p>[et_pb_section fb_built=\u00bb1&#8243; _builder_version=\u00bb4.9.2&#8243; _module_preset=\u00bbdefault\u00bb background_color=\u00bb#30A2E3&#8243; bottom_divider_style=\u00bbcurve2&#8243; bottom_divider_color=\u00bb#ffffff\u00bb][et_pb_row _builder_version=\u00bb4.9.2&#8243; _module_preset=\u00bbdefault\u00bb][et_pb_column type=\u00bb4_4&#8243; _builder_version=\u00bb4.9.2&#8243; _module_preset=\u00bbdefault\u00bb][et_pb_text _builder_version=\u00bb4.9.2&#8243; _module_preset=\u00bbdefault\u00bb header_font=\u00bb|700|||||||\u00bb header_text_align=\u00bbcenter\u00bb header_text_color=\u00bb#ffffff\u00bb header_font_size=\u00bb40px\u00bb]<\/p>\n<h1>QUI\u00c9N SOMOS<\/h1>\n<p>[\/et_pb_text][\/et_pb_column][\/et_pb_row][\/et_pb_section][et_pb_section fb_built=\u00bb1&#8243; _builder_version=\u00bb4.9.2&#8243; _module_preset=\u00bbdefault\u00bb background_color=\u00bbRGBA(0,0,0,0)\u00bb custom_margin=\u00bb||0px||false|false\u00bb custom_padding=\u00bb||0px||false|false\u00bb][et_pb_row column_structure=\u00bb1_2,1_2&#8243; make_equal=\u00bbon\u00bb _builder_version=\u00bb4.9.2&#8243; _module_preset=\u00bbdefault\u00bb custom_padding=\u00bb||||true|false\u00bb custom_css_main_element=\u00bbalign-items:center;\u00bb][et_pb_column type=\u00bb1_2&#8243; _builder_version=\u00bb4.9.2&#8243; _module_preset=\u00bbdefault\u00bb][et_pb_image src=\u00bbhttps:\/\/vaimas.it\/wp-content\/uploads\/2021\/03\/hannah-busing-Zyx1bK9mqmA-unsplash-scaled.jpg\u00bb title_text=\u00bbhannah-busing-Zyx1bK9mqmA-unsplash\u00bb _builder_version=\u00bb4.9.2&#8243; _module_preset=\u00bbdefault\u00bb filter_saturate=\u00bb138%\u00bb filter_brightness=\u00bb122%\u00bb][\/et_pb_image][\/et_pb_column][et_pb_column type=\u00bb1_2&#8243; _builder_version=\u00bb4.9.2&#8243; _module_preset=\u00bbdefault\u00bb][et_pb_text _builder_version=\u00bb4.9.2&#8243; _module_preset=\u00bbdefault\u00bb header_font=\u00bb|700||on|||||\u00bb header_text_align=\u00bbleft\u00bb header_text_color=\u00bb#257DB0&#8243; header_font_size=\u00bb40px\u00bb header_2_font=\u00bb|700||on|||||\u00bb header_2_text_color=\u00bb#257DB0&#8243; header_2_line_height=\u00bb1.7em\u00bb header_3_font=\u00bb|700||on|||||\u00bb header_3_text_align=\u00bbleft\u00bb header_3_text_color=\u00bb#257DB0&#8243; header_3_font_size=\u00bb25px\u00bb header_3_line_height=\u00bb1.7em\u00bb header_4_font=\u00bb|||||on|||\u00bb header_4_text_color=\u00bb#257DB0&#8243; header_4_font_size=\u00bb21px\u00bb]<\/p>\n<h2>Desde hace m\u00e1s de 30 a\u00f1os en el sector m\u00e9dico<\/h2>\n<h4><span>La Excelencia del producto, la eficacia de las ayudas y la sensibilidad a las necesidades de todos los clientes.<\/span><\/h4>\n<p><span><\/span><\/p>\n<p><span>VAIMAS s.r.l es una Empresa Italiana con sede y f\u00e1brica en Marano Vicentino (VI), donde se dise\u00f1an y producen directamente sillones de confort, camas ortop\u00e9dicas, sillas de ruedas para discapacitados y sillas de ruedas para personas mayores; elevadores, andadores ortop\u00e9dicos, ayudas sanitarias y ayudas para personas mayores, colchones antidec\u00fabito y colchones de burbujas de aire, somieres universales y plegables, con un sistema de gesti\u00f3n de calidad certificado por DNV GL <strong>ISO 9001.<\/strong><\/span><\/p>\n<p>[\/et_pb_text][\/et_pb_column][\/et_pb_row][\/et_pb_section][et_pb_section fb_built=\u00bb1&#8243; _builder_version=\u00bb4.9.2&#8243; _module_preset=\u00bbdefault\u00bb background_color=\u00bb#154763&#8243; custom_padding=\u00bb0px||0px||false|false\u00bb][et_pb_row column_structure=\u00bb1_2,1_2&#8243; custom_padding_last_edited=\u00bbon|phone\u00bb _builder_version=\u00bb4.9.2&#8243; _module_preset=\u00bbdefault\u00bb custom_padding=\u00bb3%||3%||true|false\u00bb custom_padding_tablet=\u00bb5%||5%||true|false\u00bb custom_padding_phone=\u00bb10%||10%||true|false\u00bb][et_pb_column type=\u00bb1_2&#8243; _builder_version=\u00bb4.9.2&#8243; _module_preset=\u00bbdefault\u00bb][et_pb_text _builder_version=\u00bb4.9.2&#8243; _module_preset=\u00bbdefault\u00bb text_text_color=\u00bb#ffffff\u00bb]<\/p>\n<p><span>VAIMAS s.r.l creada en el 2005, tras la adquisici\u00f3n directa e independiente de la rama de producci\u00f3n de Invacare &#8211; Mecc San, uno de los grupos mundiales m\u00e1s importantes en el segmento de la asistencia domicilaria. VAIMAS cuenta con personas con m\u00e1s de 30 a\u00f1os de experiencia, s\u00f3lida y comprobada en la producci\u00f3n de estos art\u00edculos, garantizando as\u00ed que toda su gama de producci\u00f3n sea de alta calidad, reproducibilidad y rentabilidad; as\u00ed como una asistencia competente en el asesoramiento sobre la elecci\u00f3n de los art\u00edculos dirigidos a las necesidades del cliente.<\/span><\/p>\n<p>[\/et_pb_text][\/et_pb_column][et_pb_column type=\u00bb1_2&#8243; _builder_version=\u00bb4.9.2&#8243; _module_preset=\u00bbdefault\u00bb][et_pb_text _builder_version=\u00bb4.9.2&#8243; _module_preset=\u00bbdefault\u00bb text_text_color=\u00bb#ffffff\u00bb]<\/p>\n<p><span>Toda la producci\u00f3n se realiza en la propia f\u00e1brica y permite a VAIMAS expedir y entregar los productos solicitados en poco tiempo; incluso personalizandolos; as\u00ed como ocuparse del mantenimiento ordinaro y extraordinario y de cualquier reparaci\u00f3n en la f\u00e1brica o directamente en las Instalaciones.<\/span><\/p>\n<p>[\/et_pb_text][\/et_pb_column][\/et_pb_row][\/et_pb_section][et_pb_section fb_built=\u00bb1&#8243; _builder_version=\u00bb4.9.2&#8243; _module_preset=\u00bbdefault\u00bb background_color=\u00bb#f4f4f4&#8243;][et_pb_row column_structure=\u00bb1_2,1_2&#8243; make_equal=\u00bbon\u00bb _builder_version=\u00bb4.9.2&#8243; _module_preset=\u00bbdefault\u00bb custom_padding=\u00bb0px||0px||true|false\u00bb custom_css_main_element=\u00bbalign-items:center;\u00bb][et_pb_column type=\u00bb1_2&#8243; _builder_version=\u00bb4.9.2&#8243; _module_preset=\u00bbdefault\u00bb][et_pb_text _builder_version=\u00bb4.9.2&#8243; _module_preset=\u00bbdefault\u00bb header_font=\u00bb|700||on|||||\u00bb header_text_align=\u00bbleft\u00bb header_text_color=\u00bb#257DB0&#8243; header_font_size=\u00bb40px\u00bb header_2_font=\u00bb|700||on|||||\u00bb header_2_text_color=\u00bb#257DB0&#8243; header_2_line_height=\u00bb1.7em\u00bb header_3_font=\u00bb|700||on|||||\u00bb header_3_text_align=\u00bbleft\u00bb header_3_text_color=\u00bb#257DB0&#8243; header_3_font_size=\u00bb25px\u00bb header_3_line_height=\u00bb1.7em\u00bb header_4_font=\u00bb|||||on|||\u00bb header_4_text_color=\u00bb#257DB0&#8243; header_4_font_size=\u00bb21px\u00bb]<\/p>\n<h2>Pol\u00edtica de calidad<\/h2>\n<p> Los objetivos principales de nuestra empresa son la excelencia del producto, la eficacia de las ayudas y la sensibilidad a las necesidades de todos nuestros clientes.<\/p>\n<p>VAIMAS sigue todo el proceso de producci\u00f3n, desde la entrada de la materia prima a todas las fases de transformaci\u00f3n, hasta la creaci\u00f3n del producto acabado. Recurre a colaboradores externos para la pintura, los tratamientos galvanicos y el montaje, todo ello supervisado seg\u00fan las Normas de Calidad establecidas por su propio sistema de gesti\u00f3n de calidad conforme a la norma ISO 9001.<\/p>\n<p>[\/et_pb_text][et_pb_button button_url=\u00bbhttps:\/\/vaimas.it\/wp-content\/uploads\/2021\/05\/ISO-9001-CERT-17058-2006-AQ-VEN-SINCERT-2-it-IT-20210311-20210311151954.pdf\u00bb url_new_window=\u00bbon\u00bb button_text=\u00bbCertificato Qualit\u00e0\u00bb button_alignment=\u00bbleft\u00bb _builder_version=\u00bb4.9.2&#8243; _module_preset=\u00bbdefault\u00bb custom_button=\u00bbon\u00bb button_text_size=\u00bb19px\u00bb button_text_color=\u00bb#ffffff\u00bb button_bg_color=\u00bb#257DB0&#8243; button_border_width=\u00bb0px\u00bb button_border_radius=\u00bb30px\u00bb button_font=\u00bb|700|||||||\u00bb button_use_icon=\u00bboff\u00bb custom_margin=\u00bb3%||3%||true|false\u00bb custom_padding=\u00bb||||true|true\u00bb locked=\u00bboff\u00bb global_colors_info=\u00bb{}\u00bb button_bg_color__hover_enabled=\u00bbon|hover\u00bb button_bg_color__hover=\u00bb#154763&#8243; button_bg_enable_color__hover=\u00bbon\u00bb button_text_color__hover_enabled=\u00bboff|desktop\u00bb button_text_color__hover=\u00bb#257DB0&#8243; box_shadow_spread__hover_enabled=\u00bbon|hover\u00bb box_shadow_spread__hover=\u00bb\u00bb box_shadow_color__hover_enabled=\u00bbon|desktop\u00bb button_border_radius__hover_enabled=\u00bbon|desktop\u00bb][\/et_pb_button][\/et_pb_column][et_pb_column type=\u00bb1_2&#8243; _builder_version=\u00bb4.9.2&#8243; _module_preset=\u00bbdefault\u00bb][et_pb_image src=\u00bbhttps:\/\/vaimas.it\/wp-content\/uploads\/2021\/03\/ISO9001.jpeg\u00bb title_text=\u00bbISO9001&#8243; align=\u00bbcenter\u00bb _builder_version=\u00bb4.9.2&#8243; _module_preset=\u00bbdefault\u00bb background_color=\u00bb#ffffff\u00bb width=\u00bb33%\u00bb width_tablet=\u00bb100%\u00bb width_phone=\u00bb100%\u00bb width_last_edited=\u00bbon|tablet\u00bb custom_padding=\u00bb5%||5%||true|false\u00bb][\/et_pb_image][\/et_pb_column][\/et_pb_row][\/et_pb_section]<\/p>\n","protected":false},"excerpt":{"rendered":"<p>[et_pb_section fb_built=\u00bb1&#8243; _builder_version=\u00bb4.9.2&#8243; _module_preset=\u00bbdefault\u00bb background_color=\u00bb#30A2E3&#8243; bottom_divider_style=\u00bbcurve2&#8243; bottom_divider_color=\u00bb#ffffff\u00bb][et_pb_row _builder_version=\u00bb4.9.2&#8243; _module_preset=\u00bbdefault\u00bb][et_pb_column type=\u00bb4_4&#8243; _builder_version=\u00bb4.9.2&#8243; _module_preset=\u00bbdefault\u00bb][et_pb_text _builder_version=\u00bb4.9.2&#8243; _module_preset=\u00bbdefault\u00bb header_font=\u00bb|700|||||||\u00bb header_text_align=\u00bbcenter\u00bb header_text_color=\u00bb#ffffff\u00bb header_font_size=\u00bb40px\u00bb] QUI\u00c9N SOMOS [\/et_pb_text][\/et_pb_column][\/et_pb_row][\/et_pb_section][et_pb_section fb_built=\u00bb1&#8243; _builder_version=\u00bb4.9.2&#8243; _module_preset=\u00bbdefault\u00bb background_color=\u00bbRGBA(0,0,0,0)\u00bb custom_margin=\u00bb||0px||false|false\u00bb custom_padding=\u00bb||0px||false|false\u00bb][et_pb_row column_structure=\u00bb1_2,1_2&#8243; make_equal=\u00bbon\u00bb _builder_version=\u00bb4.9.2&#8243; _module_preset=\u00bbdefault\u00bb custom_padding=\u00bb||||true|false\u00bb custom_css_main_element=\u00bbalign-items:center;\u00bb][et_pb_column type=\u00bb1_2&#8243; _builder_version=\u00bb4.9.2&#8243; _module_preset=\u00bbdefault\u00bb][et_pb_image src=\u00bbhttps:\/\/vaimas.it\/wp-content\/uploads\/2021\/03\/hannah-busing-Zyx1bK9mqmA-unsplash-scaled.jpg\u00bb title_text=\u00bbhannah-busing-Zyx1bK9mqmA-unsplash\u00bb _builder_version=\u00bb4.9.2&#8243; _module_preset=\u00bbdefault\u00bb filter_saturate=\u00bb138%\u00bb filter_brightness=\u00bb122%\u00bb][\/et_pb_image][\/et_pb_column][et_pb_column type=\u00bb1_2&#8243; _builder_version=\u00bb4.9.2&#8243; _module_preset=\u00bbdefault\u00bb][et_pb_text _builder_version=\u00bb4.9.2&#8243; _module_preset=\u00bbdefault\u00bb header_font=\u00bb|700||on|||||\u00bb header_text_align=\u00bbleft\u00bb header_text_color=\u00bb#257DB0&#8243; header_font_size=\u00bb40px\u00bb header_2_font=\u00bb|700||on|||||\u00bb header_2_text_color=\u00bb#257DB0&#8243; header_2_line_height=\u00bb1.7em\u00bb header_3_font=\u00bb|700||on|||||\u00bb [&hellip;]<\/p>\n","protected":false},"author":1,"featured_media":0,"parent":0,"menu_order":0,"comment_status":"closed","ping_status":"closed","template":"","meta":{"pgc_meta":"","_et_pb_use_builder":"on","_et_pb_old_content":"<p>[et_pb_section fb_built=\"1\" _builder_version=\"4.9.2\" _module_preset=\"default\" background_color=\"#30A2E3\" bottom_divider_style=\"curve2\" bottom_divider_color=\"#ffffff\"][et_pb_row _builder_version=\"4.9.2\" _module_preset=\"default\"][et_pb_column type=\"4_4\" _builder_version=\"4.9.2\" _module_preset=\"default\"][et_pb_text _builder_version=\"4.9.2\" _module_preset=\"default\" header_font=\"|700|||||||\" header_text_align=\"center\" header_text_color=\"#ffffff\" header_font_size=\"40px\"]<\/p><h1>QUI\u00c9N SOMOS<\/h1><p>[\/et_pb_text][\/et_pb_column][\/et_pb_row][\/et_pb_section][et_pb_section fb_built=\"1\" _builder_version=\"4.9.2\" _module_preset=\"default\" background_color=\"RGBA(0,0,0,0)\" custom_margin=\"||0px||false|false\" custom_padding=\"||0px||false|false\"][et_pb_row column_structure=\"1_2,1_2\" make_equal=\"on\" _builder_version=\"4.9.2\" _module_preset=\"default\" custom_padding=\"||||true|false\" custom_css_main_element=\"align-items:center;\"][et_pb_column type=\"1_2\" _builder_version=\"4.9.2\" _module_preset=\"default\"][et_pb_image src=\"https:\/\/vaimas.it\/wp-content\/uploads\/2021\/03\/hannah-busing-Zyx1bK9mqmA-unsplash-scaled.jpg\" title_text=\"hannah-busing-Zyx1bK9mqmA-unsplash\" _builder_version=\"4.9.2\" _module_preset=\"default\" filter_saturate=\"138%\" filter_brightness=\"122%\"][\/et_pb_image][\/et_pb_column][et_pb_column type=\"1_2\" _builder_version=\"4.9.2\" _module_preset=\"default\"][et_pb_text _builder_version=\"4.9.2\" _module_preset=\"default\" header_font=\"|700||on|||||\" header_text_align=\"left\" header_text_color=\"#257DB0\" header_font_size=\"40px\" header_2_font=\"|700||on|||||\" header_2_text_color=\"#257DB0\" header_2_line_height=\"1.7em\" header_3_font=\"|700||on|||||\" header_3_text_align=\"left\" header_3_text_color=\"#257DB0\" header_3_font_size=\"25px\" header_3_line_height=\"1.7em\" header_4_font=\"|||||on|||\" header_4_text_color=\"#257DB0\" header_4_font_size=\"21px\"]<\/p><h2>Desde hace m\u00e1s de 30 a\u00f1os en el sector m\u00e9dico<\/h2><h4>La Excelencia del producto, la eficacia de las ayudas y la sensibilidad a las necesidades de todos los clientes.<\/h4><p>\u00a0<\/p><p>VAIMAS s.r.l es una Empresa Italiana con sede y f\u00e1brica en Marano Vicentino (VI), donde se dise\u00f1an y producen directamente sillones de confort, camas ortop\u00e9dicas, sillas de ruedas para discapacitados y sillas de ruedas para personas mayores; elevadores, andadores ortop\u00e9dicos, ayudas sanitarias y ayudas para personas mayores, colchones antidec\u00fabito y colchones de burbujas de aire, somieres universales y plegables, con un sistema de gesti\u00f3n de calidad certificado por DNV GL <strong>ISO 9001.<\/strong><\/p><p>[\/et_pb_text][\/et_pb_column][\/et_pb_row][\/et_pb_section][et_pb_section fb_built=\"1\" _builder_version=\"4.9.2\" _module_preset=\"default\" background_color=\"#154763\" custom_padding=\"0px||0px||false|false\"][et_pb_row column_structure=\"1_2,1_2\" custom_padding_last_edited=\"on|phone\" _builder_version=\"4.9.2\" _module_preset=\"default\" custom_padding=\"3%||3%||true|false\" custom_padding_tablet=\"5%||5%||true|false\" custom_padding_phone=\"10%||10%||true|false\"][et_pb_column type=\"1_2\" _builder_version=\"4.9.2\" _module_preset=\"default\"][et_pb_text _builder_version=\"4.9.2\" _module_preset=\"default\" text_text_color=\"#ffffff\"]<\/p><p>VAIMAS s.r.l creada en el 2005, tras la adquisici\u00f3n directa e independiente de la rama de producci\u00f3n de Invacare - Mecc San, uno de los grupos mundiales m\u00e1s importantes en el segmento de la asistencia domicilaria. VAIMAS cuenta con personas con m\u00e1s de 30 a\u00f1os de experiencia, s\u00f3lida y comprobada en la producci\u00f3n de estos art\u00edculos, garantizando as\u00ed que toda su gama de producci\u00f3n sea de alta calidad, reproducibilidad y rentabilidad; as\u00ed como una asistencia competente en el asesoramiento sobre la elecci\u00f3n de los art\u00edculos dirigidos a las necesidades del cliente.<\/p><p>[\/et_pb_text][\/et_pb_column][et_pb_column type=\"1_2\" _builder_version=\"4.9.2\" _module_preset=\"default\"][et_pb_text _builder_version=\"4.9.2\" _module_preset=\"default\" text_text_color=\"#ffffff\"]<\/p><p>Toda la producci\u00f3n se realiza en la propia f\u00e1brica y permite a VAIMAS expedir y entregar los productos solicitados en poco tiempo; incluso personalizandolos; as\u00ed como ocuparse del mantenimiento ordinaro y extraordinario y de cualquier reparaci\u00f3n en la f\u00e1brica o directamente en las Instalaciones.<\/p><p>[\/et_pb_text][\/et_pb_column][\/et_pb_row][\/et_pb_section][et_pb_section fb_built=\"1\" _builder_version=\"4.9.2\" _module_preset=\"default\" background_color=\"#f4f4f4\"][et_pb_row column_structure=\"1_2,1_2\" make_equal=\"on\" _builder_version=\"4.9.2\" _module_preset=\"default\" custom_padding=\"0px||0px||true|false\" custom_css_main_element=\"align-items:center;\"][et_pb_column type=\"1_2\" _builder_version=\"4.9.2\" _module_preset=\"default\"][et_pb_text _builder_version=\"4.9.2\" _module_preset=\"default\" header_font=\"|700||on|||||\" header_text_align=\"left\" header_text_color=\"#257DB0\" header_font_size=\"40px\" header_2_font=\"|700||on|||||\" header_2_text_color=\"#257DB0\" header_2_line_height=\"1.7em\" header_3_font=\"|700||on|||||\" header_3_text_align=\"left\" header_3_text_color=\"#257DB0\" header_3_font_size=\"25px\" header_3_line_height=\"1.7em\" header_4_font=\"|||||on|||\" header_4_text_color=\"#257DB0\" header_4_font_size=\"21px\"]<\/p><h2>Pol\u00edtica de calidad<\/h2><p>Los objetivos principales de nuestra empresa son la excelencia del producto, la eficacia de las ayudas y la sensibilidad a las necesidades de todos nuestros clientes.<\/p><p>VAIMAS sigue todo el proceso de producci\u00f3n, desde la entrada de la materia prima a todas las fases de transformaci\u00f3n, hasta la creaci\u00f3n del producto acabado. Recurre a colaboradores externos para la pintura, los tratamientos galvanicos y el montaje, todo ello supervisado seg\u00fan las Normas de Calidad establecidas por su propio sistema de gesti\u00f3n de calidad conforme a la norma ISO 9001.<\/p><p>[\/et_pb_text][et_pb_button button_url=\"https:\/\/vaimas.it\/wp-content\/uploads\/2021\/05\/ISO-9001-CERT-17058-2006-AQ-VEN-SINCERT-2-it-IT-20210311-20210311151954.pdf\" url_new_window=\"on\" button_text=\"Certificato Qualit\u00e0\" button_alignment=\"left\" _builder_version=\"4.9.2\" _module_preset=\"default\" custom_button=\"on\" button_text_size=\"19px\" button_text_color=\"#ffffff\" button_bg_color=\"#257DB0\" button_border_width=\"0px\" button_border_radius=\"30px\" button_font=\"|700|||||||\" button_use_icon=\"off\" custom_margin=\"3%||3%||true|false\" custom_padding=\"||||true|true\" locked=\"off\" global_colors_info=\"{}\" button_bg_color__hover_enabled=\"on|hover\" button_bg_color__hover=\"#154763\" button_bg_enable_color__hover=\"on\" button_text_color__hover_enabled=\"off|desktop\" button_text_color__hover=\"#257DB0\" box_shadow_spread__hover_enabled=\"on|hover\" box_shadow_spread__hover=\"\" box_shadow_color__hover_enabled=\"on|desktop\" button_border_radius__hover_enabled=\"on|desktop\"][\/et_pb_button][\/et_pb_column][et_pb_column type=\"1_2\" _builder_version=\"4.9.2\" _module_preset=\"default\"][et_pb_image src=\"https:\/\/vaimas.it\/wp-content\/uploads\/2021\/03\/ISO9001.jpeg\" title_text=\"ISO9001\" align=\"center\" _builder_version=\"4.9.2\" _module_preset=\"default\" background_color=\"#ffffff\" width=\"33%\" width_tablet=\"100%\" width_phone=\"100%\" width_last_edited=\"on|tablet\" custom_padding=\"5%||5%||true|false\"][\/et_pb_image][\/et_pb_column][\/et_pb_row][\/et_pb_section]<\/p>","_et_gb_content_width":"","footnotes":""},"class_list":["post-1629","page","type-page","status-publish","hentry"],"acf":[],"pgc_meta":"","yoast_head":"<!-- This site is optimized with the Yoast SEO plugin v21.9.1 - https:\/\/yoast.com\/wordpress\/plugins\/seo\/ -->\n<title>Vaimas S.r.l. - Desde hace m\u00e1s de 30 a\u00f1os en el sector m\u00e9dico<\/title>\n<meta name=\"description\" content=\"VAIMAS s.r.l es una empresa italiana que dise\u00f1a y fabrica ayudas para la salud, centr\u00e1ndose siempre en las necesidades de cada cliente.\" \/>\n<meta name=\"robots\" content=\"index, follow, max-snippet:-1, max-image-preview:large, max-video-preview:-1\" \/>\n<link rel=\"canonical\" href=\"https:\/\/vaimas.it\/es\/quien-somos\/\" \/>\n<meta property=\"og:locale\" content=\"es_ES\" \/>\n<meta property=\"og:type\" content=\"article\" \/>\n<meta property=\"og:title\" content=\"Vaimas S.r.l. - Desde hace m\u00e1s de 30 a\u00f1os en el sector m\u00e9dico\" \/>\n<meta property=\"og:description\" content=\"VAIMAS s.r.l es una empresa italiana que dise\u00f1a y fabrica ayudas para la salud, centr\u00e1ndose siempre en las necesidades de cada cliente.\" \/>\n<meta property=\"og:url\" content=\"https:\/\/vaimas.it\/es\/quien-somos\/\" \/>\n<meta property=\"og:site_name\" content=\"Vaimas\" \/>\n<meta property=\"article:modified_time\" content=\"2021-05-26T09:52:24+00:00\" \/>\n<meta name=\"twitter:card\" content=\"summary_large_image\" \/>\n<meta name=\"twitter:label1\" content=\"Tiempo de lectura\" \/>\n\t<meta name=\"twitter:data1\" content=\"5 minutos\" \/>\n<script type=\"application\/ld+json\" class=\"yoast-schema-graph\">{\"@context\":\"https:\/\/schema.org\",\"@graph\":[{\"@type\":\"WebPage\",\"@id\":\"https:\/\/vaimas.it\/es\/quien-somos\/\",\"url\":\"https:\/\/vaimas.it\/es\/quien-somos\/\",\"name\":\"Vaimas S.r.l. - Desde hace m\u00e1s de 30 a\u00f1os en el sector m\u00e9dico\",\"isPartOf\":{\"@id\":\"https:\/\/vaimas.it\/es\/#website\"},\"datePublished\":\"2021-05-24T12:18:22+00:00\",\"dateModified\":\"2021-05-26T09:52:24+00:00\",\"description\":\"VAIMAS s.r.l es una empresa italiana que dise\u00f1a y fabrica ayudas para la salud, centr\u00e1ndose siempre en las necesidades de cada cliente.\",\"breadcrumb\":{\"@id\":\"https:\/\/vaimas.it\/es\/quien-somos\/#breadcrumb\"},\"inLanguage\":\"es\",\"potentialAction\":[{\"@type\":\"ReadAction\",\"target\":[\"https:\/\/vaimas.it\/es\/quien-somos\/\"]}]},{\"@type\":\"BreadcrumbList\",\"@id\":\"https:\/\/vaimas.it\/es\/quien-somos\/#breadcrumb\",\"itemListElement\":[{\"@type\":\"ListItem\",\"position\":1,\"name\":\"Home\",\"item\":\"https:\/\/vaimas.it\/es\/\"},{\"@type\":\"ListItem\",\"position\":2,\"name\":\"Qui\u00e9n somos\"}]},{\"@type\":\"WebSite\",\"@id\":\"https:\/\/vaimas.it\/es\/#website\",\"url\":\"https:\/\/vaimas.it\/es\/\",\"name\":\"Vaimas\",\"description\":\"\",\"potentialAction\":[{\"@type\":\"SearchAction\",\"target\":{\"@type\":\"EntryPoint\",\"urlTemplate\":\"https:\/\/vaimas.it\/es\/?s={search_term_string}\"},\"query-input\":\"required name=search_term_string\"}],\"inLanguage\":\"es\"}]}<\/script>\n<!-- \/ Yoast SEO plugin. -->","yoast_head_json":{"title":"Vaimas S.r.l. - Desde hace m\u00e1s de 30 a\u00f1os en el sector m\u00e9dico","description":"VAIMAS s.r.l es una empresa italiana que dise\u00f1a y fabrica ayudas para la salud, centr\u00e1ndose siempre en las necesidades de cada cliente.","robots":{"index":"index","follow":"follow","max-snippet":"max-snippet:-1","max-image-preview":"max-image-preview:large","max-video-preview":"max-video-preview:-1"},"canonical":"https:\/\/vaimas.it\/es\/quien-somos\/","og_locale":"es_ES","og_type":"article","og_title":"Vaimas S.r.l. - Desde hace m\u00e1s de 30 a\u00f1os en el sector m\u00e9dico","og_description":"VAIMAS s.r.l es una empresa italiana que dise\u00f1a y fabrica ayudas para la salud, centr\u00e1ndose siempre en las necesidades de cada cliente.","og_url":"https:\/\/vaimas.it\/es\/quien-somos\/","og_site_name":"Vaimas","article_modified_time":"2021-05-26T09:52:24+00:00","twitter_card":"summary_large_image","twitter_misc":{"Tiempo de lectura":"5 minutos"},"schema":{"@context":"https:\/\/schema.org","@graph":[{"@type":"WebPage","@id":"https:\/\/vaimas.it\/es\/quien-somos\/","url":"https:\/\/vaimas.it\/es\/quien-somos\/","name":"Vaimas S.r.l. - Desde hace m\u00e1s de 30 a\u00f1os en el sector m\u00e9dico","isPartOf":{"@id":"https:\/\/vaimas.it\/es\/#website"},"datePublished":"2021-05-24T12:18:22+00:00","dateModified":"2021-05-26T09:52:24+00:00","description":"VAIMAS s.r.l es una empresa italiana que dise\u00f1a y fabrica ayudas para la salud, centr\u00e1ndose siempre en las necesidades de cada cliente.","breadcrumb":{"@id":"https:\/\/vaimas.it\/es\/quien-somos\/#breadcrumb"},"inLanguage":"es","potentialAction":[{"@type":"ReadAction","target":["https:\/\/vaimas.it\/es\/quien-somos\/"]}]},{"@type":"BreadcrumbList","@id":"https:\/\/vaimas.it\/es\/quien-somos\/#breadcrumb","itemListElement":[{"@type":"ListItem","position":1,"name":"Home","item":"https:\/\/vaimas.it\/es\/"},{"@type":"ListItem","position":2,"name":"Qui\u00e9n somos"}]},{"@type":"WebSite","@id":"https:\/\/vaimas.it\/es\/#website","url":"https:\/\/vaimas.it\/es\/","name":"Vaimas","description":"","potentialAction":[{"@type":"SearchAction","target":{"@type":"EntryPoint","urlTemplate":"https:\/\/vaimas.it\/es\/?s={search_term_string}"},"query-input":"required name=search_term_string"}],"inLanguage":"es"}]}},"_links":{"self":[{"href":"https:\/\/vaimas.it\/es\/wp-json\/wp\/v2\/pages\/1629","targetHints":{"allow":["GET"]}}],"collection":[{"href":"https:\/\/vaimas.it\/es\/wp-json\/wp\/v2\/pages"}],"about":[{"href":"https:\/\/vaimas.it\/es\/wp-json\/wp\/v2\/types\/page"}],"author":[{"embeddable":true,"href":"https:\/\/vaimas.it\/es\/wp-json\/wp\/v2\/users\/1"}],"replies":[{"embeddable":true,"href":"https:\/\/vaimas.it\/es\/wp-json\/wp\/v2\/comments?post=1629"}],"version-history":[{"count":4,"href":"https:\/\/vaimas.it\/es\/wp-json\/wp\/v2\/pages\/1629\/revisions"}],"predecessor-version":[{"id":1710,"href":"https:\/\/vaimas.it\/es\/wp-json\/wp\/v2\/pages\/1629\/revisions\/1710"}],"wp:attachment":[{"href":"https:\/\/vaimas.it\/es\/wp-json\/wp\/v2\/media?parent=1629"}],"curies":[{"name":"wp","href":"https:\/\/api.w.org\/{rel}","templated":true}]}}