{"id":484,"date":"2021-03-29T16:02:06","date_gmt":"2021-03-29T14:02:06","guid":{"rendered":"https:\/\/vaimas.it\/chi-siamo\/"},"modified":"2024-02-14T09:02:07","modified_gmt":"2024-02-14T08:02:07","slug":"about-us","status":"publish","type":"page","link":"https:\/\/vaimas.it\/en\/about-us\/","title":{"rendered":"About us"},"content":{"rendered":"<p>[et_pb_section fb_built=&#8221;1&#8243; _builder_version=&#8221;4.9.2&#8243; _module_preset=&#8221;default&#8221; background_color=&#8221;#30A2E3&#8243; bottom_divider_style=&#8221;curve2&#8243; bottom_divider_color=&#8221;#ffffff&#8221;][et_pb_row _builder_version=&#8221;4.9.2&#8243; _module_preset=&#8221;default&#8221;][et_pb_column type=&#8221;4_4&#8243; _builder_version=&#8221;4.9.2&#8243; _module_preset=&#8221;default&#8221;][et_pb_text _builder_version=&#8221;4.9.2&#8243; _module_preset=&#8221;default&#8221; header_font=&#8221;|700|||||||&#8221; header_text_align=&#8221;center&#8221; header_text_color=&#8221;#ffffff&#8221; header_font_size=&#8221;40px&#8221;]<\/p>\n<h1>ABOUT US<\/h1>\n<p>[\/et_pb_text][\/et_pb_column][\/et_pb_row][\/et_pb_section][et_pb_section fb_built=&#8221;1&#8243; _builder_version=&#8221;4.9.2&#8243; _module_preset=&#8221;default&#8221; background_color=&#8221;RGBA(0,0,0,0)&#8221; custom_margin=&#8221;||0px||false|false&#8221; custom_padding=&#8221;||0px||false|false&#8221;][et_pb_row column_structure=&#8221;1_2,1_2&#8243; make_equal=&#8221;on&#8221; _builder_version=&#8221;4.9.2&#8243; _module_preset=&#8221;default&#8221; custom_padding=&#8221;||||true|false&#8221; custom_css_main_element=&#8221;align-items:center;&#8221;][et_pb_column type=&#8221;1_2&#8243; _builder_version=&#8221;4.9.2&#8243; _module_preset=&#8221;default&#8221;][et_pb_image src=&#8221;https:\/\/vaimas.it\/wp-content\/uploads\/2021\/03\/hannah-busing-Zyx1bK9mqmA-unsplash-scaled.jpg&#8221; title_text=&#8221;hannah-busing-Zyx1bK9mqmA-unsplash&#8221; _builder_version=&#8221;4.9.2&#8243; _module_preset=&#8221;default&#8221; filter_saturate=&#8221;138%&#8221; filter_brightness=&#8221;122%&#8221;][\/et_pb_image][\/et_pb_column][et_pb_column type=&#8221;1_2&#8243; _builder_version=&#8221;4.9.2&#8243; _module_preset=&#8221;default&#8221;][et_pb_text _builder_version=&#8221;4.9.2&#8243; _module_preset=&#8221;default&#8221; header_font=&#8221;|700||on|||||&#8221; header_text_align=&#8221;left&#8221; header_text_color=&#8221;#257DB0&#8243; header_font_size=&#8221;40px&#8221; header_2_font=&#8221;|700||on|||||&#8221; header_2_text_color=&#8221;#257DB0&#8243; header_2_line_height=&#8221;1.7em&#8221; header_3_font=&#8221;|700||on|||||&#8221; header_3_text_align=&#8221;left&#8221; header_3_text_color=&#8221;#257DB0&#8243; header_3_font_size=&#8221;25px&#8221; header_3_line_height=&#8221;1.7em&#8221; header_4_font=&#8221;|||||on|||&#8221; header_4_text_color=&#8221;#257DB0&#8243; header_4_font_size=&#8221;21px&#8221;]<\/p>\n<h2>for over 30 years in the medical industry<\/h2>\n<h4><span>the primary targets for our company are the excellence of the product, the effectiveness of the aids and the sensitivity to the needs of all customers.<\/span><\/h4>\n<p><span><\/span><\/p>\n<p><span>VAIMAS s.r.l is an italian company located in Marano Vicentino (VI), where are directly produced and implemented commode chairs, orthopedic beds , folding wheelchairs and foldable wheelchairs for senior people, lifting poles, orthopedic walker frames, health aids and bath aids for senior people, antidecubitus mattress and alternative air bubbles mattress, containing side rails, according to the Quality System Certification DNV GL <strong>ISO 9001<\/strong>.<\/span><\/p>\n<p>[\/et_pb_text][\/et_pb_column][\/et_pb_row][\/et_pb_section][et_pb_section fb_built=&#8221;1&#8243; _builder_version=&#8221;4.9.2&#8243; _module_preset=&#8221;default&#8221; background_color=&#8221;#154763&#8243; custom_padding=&#8221;0px||0px||false|false&#8221;][et_pb_row column_structure=&#8221;1_2,1_2&#8243; custom_padding_last_edited=&#8221;on|phone&#8221; _builder_version=&#8221;4.9.2&#8243; _module_preset=&#8221;default&#8221; custom_padding=&#8221;3%||3%||true|false&#8221; custom_padding_tablet=&#8221;5%||5%||true|false&#8221; custom_padding_phone=&#8221;10%||10%||true|false&#8221;][et_pb_column type=&#8221;1_2&#8243; _builder_version=&#8221;4.9.2&#8243; _module_preset=&#8221;default&#8221;][et_pb_text _builder_version=&#8221;4.9.2&#8243; _module_preset=&#8221;default&#8221; text_text_color=&#8221;#ffffff&#8221;]<\/p>\n<p><span>VAIMAS was founded in 2005, following the direct acquisition and independent of the production branch of Invacare Mecc San-one of the world&#8217;s leading groups in the home care segment; VAIMAS includes people who have a solid and proven track record of over 30 years in the production of these items, ensuring the whole range of its products a high quality, reproducibility and cost effectiveness, as well as a competent assistance in advising the choices of products targeted to customer needs.<\/span><\/p>\n<p>[\/et_pb_text][\/et_pb_column][et_pb_column type=&#8221;1_2&#8243; _builder_version=&#8221;4.9.2&#8243; _module_preset=&#8221;default&#8221;][et_pb_text _builder_version=&#8221;4.9.2&#8243; _module_preset=&#8221;default&#8221; text_text_color=&#8221;#ffffff&#8221;]<\/p>\n<p><span>All production is done on site and allows VAIMAS to escape and deliver quickly the products required, even customizing them, and to take care of routine maintenance, extraordinary, and repairs in the factory or directly in the building structure.<\/span><\/p>\n<p>[\/et_pb_text][\/et_pb_column][\/et_pb_row][\/et_pb_section][et_pb_section fb_built=&#8221;1&#8243; _builder_version=&#8221;4.9.2&#8243; _module_preset=&#8221;default&#8221; background_color=&#8221;#f4f4f4&#8243;][et_pb_row column_structure=&#8221;1_2,1_2&#8243; make_equal=&#8221;on&#8221; _builder_version=&#8221;4.9.2&#8243; _module_preset=&#8221;default&#8221; custom_padding=&#8221;0px||0px||true|false&#8221; custom_css_main_element=&#8221;align-items:center;&#8221;][et_pb_column type=&#8221;1_2&#8243; _builder_version=&#8221;4.9.2&#8243; _module_preset=&#8221;default&#8221;][et_pb_text _builder_version=&#8221;4.9.2&#8243; _module_preset=&#8221;default&#8221; header_font=&#8221;|700||on|||||&#8221; header_text_align=&#8221;left&#8221; header_text_color=&#8221;#257DB0&#8243; header_font_size=&#8221;40px&#8221; header_2_font=&#8221;|700||on|||||&#8221; header_2_text_color=&#8221;#257DB0&#8243; header_2_line_height=&#8221;1.7em&#8221; header_3_font=&#8221;|700||on|||||&#8221; header_3_text_align=&#8221;left&#8221; header_3_text_color=&#8221;#257DB0&#8243; header_3_font_size=&#8221;25px&#8221; header_3_line_height=&#8221;1.7em&#8221; header_4_font=&#8221;|||||on|||&#8221; header_4_text_color=&#8221;#257DB0&#8243; header_4_font_size=&#8221;21px&#8221;]<\/p>\n<h2>QUALITY SYSTEM<\/h2>\n<p> The primary targets for our company are the excellence of the product, the effectiveness of the aids and the sensitivity to the needs of all customers.<\/p>\n<p>Vaimas follows the entire porductive process, from the material input to all stages of processing, until the creation of finished product. It uses external collaborators for painting activities, electroplating and assembly, all monitored according to expected quality standards of the Quality System Certification ISO 9001.<\/p>\n<p>[\/et_pb_text][et_pb_button button_url=&#8221;https:\/\/vaimas.it\/wp-content\/uploads\/2024\/02\/ISO-9001-CERT-17058-2006-AQ-VEN-SINCERT-3-it-IT-20240213-20240213133544.pdf&#8221; url_new_window=&#8221;on&#8221; button_text=&#8221;Certificato Qualit\u00e0&#8221; button_alignment=&#8221;left&#8221; _builder_version=&#8221;4.9.2&#8243; _module_preset=&#8221;default&#8221; custom_button=&#8221;on&#8221; button_text_size=&#8221;19px&#8221; button_text_color=&#8221;#ffffff&#8221; button_bg_color=&#8221;#257DB0&#8243; button_border_width=&#8221;0px&#8221; button_border_radius=&#8221;30px&#8221; button_font=&#8221;|700|||||||&#8221; button_use_icon=&#8221;off&#8221; custom_margin=&#8221;3%||3%||true|false&#8221; custom_padding=&#8221;||||true|true&#8221; locked=&#8221;off&#8221; global_colors_info=&#8221;{}&#8221; button_bg_color__hover_enabled=&#8221;on|hover&#8221; button_bg_color__hover=&#8221;#154763&#8243; button_bg_enable_color__hover=&#8221;on&#8221; button_text_color__hover_enabled=&#8221;off|desktop&#8221; button_text_color__hover=&#8221;#257DB0&#8243; box_shadow_spread__hover_enabled=&#8221;on|hover&#8221; box_shadow_spread__hover=&#8221;&#8221; box_shadow_color__hover_enabled=&#8221;on|desktop&#8221; button_border_radius__hover_enabled=&#8221;on|desktop&#8221;][\/et_pb_button][\/et_pb_column][et_pb_column type=&#8221;1_2&#8243; _builder_version=&#8221;4.9.2&#8243; _module_preset=&#8221;default&#8221;][et_pb_image src=&#8221;https:\/\/vaimas.it\/wp-content\/uploads\/2024\/02\/ISO-9001-CERT-17058-2006-AQ-VEN-SINCERT-3-en-US-20240213-20240213133534.pdf&#8221; title_text=&#8221;ISO9001&#8243; align=&#8221;center&#8221; _builder_version=&#8221;4.9.2&#8243; _module_preset=&#8221;default&#8221; background_color=&#8221;#ffffff&#8221; width=&#8221;33%&#8221; width_tablet=&#8221;100%&#8221; width_phone=&#8221;100%&#8221; width_last_edited=&#8221;on|tablet&#8221; custom_padding=&#8221;5%||5%||true|false&#8221;][\/et_pb_image][\/et_pb_column][\/et_pb_row][\/et_pb_section]<\/p>\n","protected":false},"excerpt":{"rendered":"<p>[et_pb_section fb_built=&#8221;1&#8243; _builder_version=&#8221;4.9.2&#8243; _module_preset=&#8221;default&#8221; background_color=&#8221;#30A2E3&#8243; bottom_divider_style=&#8221;curve2&#8243; bottom_divider_color=&#8221;#ffffff&#8221;][et_pb_row _builder_version=&#8221;4.9.2&#8243; _module_preset=&#8221;default&#8221;][et_pb_column type=&#8221;4_4&#8243; _builder_version=&#8221;4.9.2&#8243; _module_preset=&#8221;default&#8221;][et_pb_text _builder_version=&#8221;4.9.2&#8243; _module_preset=&#8221;default&#8221; header_font=&#8221;|700|||||||&#8221; header_text_align=&#8221;center&#8221; header_text_color=&#8221;#ffffff&#8221; header_font_size=&#8221;40px&#8221;] ABOUT US [\/et_pb_text][\/et_pb_column][\/et_pb_row][\/et_pb_section][et_pb_section fb_built=&#8221;1&#8243; _builder_version=&#8221;4.9.2&#8243; _module_preset=&#8221;default&#8221; background_color=&#8221;RGBA(0,0,0,0)&#8221; custom_margin=&#8221;||0px||false|false&#8221; custom_padding=&#8221;||0px||false|false&#8221;][et_pb_row column_structure=&#8221;1_2,1_2&#8243; make_equal=&#8221;on&#8221; _builder_version=&#8221;4.9.2&#8243; _module_preset=&#8221;default&#8221; custom_padding=&#8221;||||true|false&#8221; custom_css_main_element=&#8221;align-items:center;&#8221;][et_pb_column type=&#8221;1_2&#8243; _builder_version=&#8221;4.9.2&#8243; _module_preset=&#8221;default&#8221;][et_pb_image src=&#8221;https:\/\/vaimas.it\/wp-content\/uploads\/2021\/03\/hannah-busing-Zyx1bK9mqmA-unsplash-scaled.jpg&#8221; title_text=&#8221;hannah-busing-Zyx1bK9mqmA-unsplash&#8221; _builder_version=&#8221;4.9.2&#8243; _module_preset=&#8221;default&#8221; filter_saturate=&#8221;138%&#8221; filter_brightness=&#8221;122%&#8221;][\/et_pb_image][\/et_pb_column][et_pb_column type=&#8221;1_2&#8243; _builder_version=&#8221;4.9.2&#8243; _module_preset=&#8221;default&#8221;][et_pb_text _builder_version=&#8221;4.9.2&#8243; _module_preset=&#8221;default&#8221; header_font=&#8221;|700||on|||||&#8221; header_text_align=&#8221;left&#8221; header_text_color=&#8221;#257DB0&#8243; header_font_size=&#8221;40px&#8221; header_2_font=&#8221;|700||on|||||&#8221; header_2_text_color=&#8221;#257DB0&#8243; header_2_line_height=&#8221;1.7em&#8221; header_3_font=&#8221;|700||on|||||&#8221; [&hellip;]<\/p>\n","protected":false},"author":1,"featured_media":0,"parent":0,"menu_order":0,"comment_status":"closed","ping_status":"closed","template":"","meta":{"pgc_meta":"","_et_pb_use_builder":"on","_et_pb_old_content":"<!-- wp:paragraph -->\r\n<p>Questa \u00e8 una pagina di esempio. Differisce da un articolo di un blog perch\u00e9 rimane sempre allo stesso posto e (in molti temi) appare nel menu di navigazione. Molte persone iniziano con una pagina di Informazioni che li presentano ai visitatori del sito. Potrebbe apparire una presentazione del tipo:<\/p>\r\n<!-- \/wp:paragraph -->\r\n\r\n<!-- wp:quote -->\r\n<blockquote class=\"wp-block-quote\"><p>Ciao! Sono un fattorino ciclista di giorno, aspirante attore di notte e questo \u00e8 il mio sito web. Vivo a Los Angeles, ho un grande cane di nome Jack e mi piace la pi\u00f1a colada. (E prendere la pioggia)<\/p><\/blockquote>\r\n<!-- \/wp:quote -->\r\n\r\n<!-- wp:paragraph -->\r\n<p>...o qualcosa di simile:<\/p>\r\n<!-- \/wp:paragraph -->\r\n\r\n<!-- wp:quote -->\r\n<blockquote class=\"wp-block-quote\"><p>La Societ\u00e0 XYZ Aggeggi \u00e8 stata fondata nel 1971 e da allora fornisce al pubblico aggeggi di ottima qualit\u00e0. Situata a Fantasilandia, XYZ impiega oltre 2.000 persone e realizza ogni sorta di aggeggio fantastico per la comunit\u00e0 di Fantasilandia.<\/p><\/blockquote>\r\n<!-- \/wp:quote -->\r\n\r\n<!-- wp:paragraph -->\r\n<p>Come nuovo utente di WordPress, dovresti andare nella tua <a href=\"https:\/\/vaimas.it\/wp-admin\/\">Bacheca<\/a> per eliminare questa pagina, e crearne delle nuove per i tuoi contenuti. Divertiti!<\/p>\r\n<!-- \/wp:paragraph -->","_et_gb_content_width":"","footnotes":""},"class_list":["post-484","page","type-page","status-publish","hentry"],"acf":[],"pgc_meta":"","yoast_head":"<!-- This site is optimized with the Yoast SEO plugin v21.9.1 - https:\/\/yoast.com\/wordpress\/plugins\/seo\/ -->\n<title>More than 30 years in the medical sector<\/title>\n<meta name=\"description\" content=\"VAIMAS s.r.l is an Italian company that designs and manufactures medical aids, always focusing on the needs of individual customers.\" \/>\n<meta name=\"robots\" content=\"index, follow, max-snippet:-1, max-image-preview:large, max-video-preview:-1\" \/>\n<link rel=\"canonical\" href=\"https:\/\/vaimas.it\/en\/about-us\/\" \/>\n<meta property=\"og:locale\" content=\"en_US\" \/>\n<meta property=\"og:type\" content=\"article\" \/>\n<meta property=\"og:title\" content=\"More than 30 years in the medical sector\" \/>\n<meta property=\"og:description\" content=\"VAIMAS s.r.l is an Italian company that designs and manufactures medical aids, always focusing on the needs of individual customers.\" \/>\n<meta property=\"og:url\" content=\"https:\/\/vaimas.it\/en\/about-us\/\" \/>\n<meta property=\"og:site_name\" content=\"Vaimas\" \/>\n<meta property=\"article:modified_time\" content=\"2024-02-14T08:02:07+00:00\" \/>\n<meta name=\"twitter:card\" content=\"summary_large_image\" \/>\n<meta name=\"twitter:label1\" content=\"Est. reading time\" \/>\n\t<meta name=\"twitter:data1\" content=\"5 minutes\" \/>\n<script type=\"application\/ld+json\" class=\"yoast-schema-graph\">{\"@context\":\"https:\/\/schema.org\",\"@graph\":[{\"@type\":\"WebPage\",\"@id\":\"https:\/\/vaimas.it\/en\/about-us\/\",\"url\":\"https:\/\/vaimas.it\/en\/about-us\/\",\"name\":\"More than 30 years in the medical sector\",\"isPartOf\":{\"@id\":\"https:\/\/vaimas.it\/en\/#website\"},\"datePublished\":\"2021-03-29T14:02:06+00:00\",\"dateModified\":\"2024-02-14T08:02:07+00:00\",\"description\":\"VAIMAS s.r.l is an Italian company that designs and manufactures medical aids, always focusing on the needs of individual customers.\",\"breadcrumb\":{\"@id\":\"https:\/\/vaimas.it\/en\/about-us\/#breadcrumb\"},\"inLanguage\":\"en-US\",\"potentialAction\":[{\"@type\":\"ReadAction\",\"target\":[\"https:\/\/vaimas.it\/en\/about-us\/\"]}]},{\"@type\":\"BreadcrumbList\",\"@id\":\"https:\/\/vaimas.it\/en\/about-us\/#breadcrumb\",\"itemListElement\":[{\"@type\":\"ListItem\",\"position\":1,\"name\":\"Home\",\"item\":\"https:\/\/vaimas.it\/en\/\"},{\"@type\":\"ListItem\",\"position\":2,\"name\":\"About us\"}]},{\"@type\":\"WebSite\",\"@id\":\"https:\/\/vaimas.it\/en\/#website\",\"url\":\"https:\/\/vaimas.it\/en\/\",\"name\":\"Vaimas\",\"description\":\"\",\"potentialAction\":[{\"@type\":\"SearchAction\",\"target\":{\"@type\":\"EntryPoint\",\"urlTemplate\":\"https:\/\/vaimas.it\/en\/?s={search_term_string}\"},\"query-input\":\"required name=search_term_string\"}],\"inLanguage\":\"en-US\"}]}<\/script>\n<!-- \/ Yoast SEO plugin. -->","yoast_head_json":{"title":"More than 30 years in the medical sector","description":"VAIMAS s.r.l is an Italian company that designs and manufactures medical aids, always focusing on the needs of individual customers.","robots":{"index":"index","follow":"follow","max-snippet":"max-snippet:-1","max-image-preview":"max-image-preview:large","max-video-preview":"max-video-preview:-1"},"canonical":"https:\/\/vaimas.it\/en\/about-us\/","og_locale":"en_US","og_type":"article","og_title":"More than 30 years in the medical sector","og_description":"VAIMAS s.r.l is an Italian company that designs and manufactures medical aids, always focusing on the needs of individual customers.","og_url":"https:\/\/vaimas.it\/en\/about-us\/","og_site_name":"Vaimas","article_modified_time":"2024-02-14T08:02:07+00:00","twitter_card":"summary_large_image","twitter_misc":{"Est. reading time":"5 minutes"},"schema":{"@context":"https:\/\/schema.org","@graph":[{"@type":"WebPage","@id":"https:\/\/vaimas.it\/en\/about-us\/","url":"https:\/\/vaimas.it\/en\/about-us\/","name":"More than 30 years in the medical sector","isPartOf":{"@id":"https:\/\/vaimas.it\/en\/#website"},"datePublished":"2021-03-29T14:02:06+00:00","dateModified":"2024-02-14T08:02:07+00:00","description":"VAIMAS s.r.l is an Italian company that designs and manufactures medical aids, always focusing on the needs of individual customers.","breadcrumb":{"@id":"https:\/\/vaimas.it\/en\/about-us\/#breadcrumb"},"inLanguage":"en-US","potentialAction":[{"@type":"ReadAction","target":["https:\/\/vaimas.it\/en\/about-us\/"]}]},{"@type":"BreadcrumbList","@id":"https:\/\/vaimas.it\/en\/about-us\/#breadcrumb","itemListElement":[{"@type":"ListItem","position":1,"name":"Home","item":"https:\/\/vaimas.it\/en\/"},{"@type":"ListItem","position":2,"name":"About us"}]},{"@type":"WebSite","@id":"https:\/\/vaimas.it\/en\/#website","url":"https:\/\/vaimas.it\/en\/","name":"Vaimas","description":"","potentialAction":[{"@type":"SearchAction","target":{"@type":"EntryPoint","urlTemplate":"https:\/\/vaimas.it\/en\/?s={search_term_string}"},"query-input":"required name=search_term_string"}],"inLanguage":"en-US"}]}},"_links":{"self":[{"href":"https:\/\/vaimas.it\/en\/wp-json\/wp\/v2\/pages\/484","targetHints":{"allow":["GET"]}}],"collection":[{"href":"https:\/\/vaimas.it\/en\/wp-json\/wp\/v2\/pages"}],"about":[{"href":"https:\/\/vaimas.it\/en\/wp-json\/wp\/v2\/types\/page"}],"author":[{"embeddable":true,"href":"https:\/\/vaimas.it\/en\/wp-json\/wp\/v2\/users\/1"}],"replies":[{"embeddable":true,"href":"https:\/\/vaimas.it\/en\/wp-json\/wp\/v2\/comments?post=484"}],"version-history":[{"count":10,"href":"https:\/\/vaimas.it\/en\/wp-json\/wp\/v2\/pages\/484\/revisions"}],"predecessor-version":[{"id":2199,"href":"https:\/\/vaimas.it\/en\/wp-json\/wp\/v2\/pages\/484\/revisions\/2199"}],"wp:attachment":[{"href":"https:\/\/vaimas.it\/en\/wp-json\/wp\/v2\/media?parent=484"}],"curies":[{"name":"wp","href":"https:\/\/api.w.org\/{rel}","templated":true}]}}